{"id":2,"date":"2018-11-21T12:16:08","date_gmt":"2018-11-21T12:16:08","guid":{"rendered":"http:\/\/curdin.nl\/?page_id=2"},"modified":"2020-07-03T14:22:43","modified_gmt":"2020-07-03T14:22:43","slug":"coming-soon","status":"publish","type":"page","link":"https:\/\/curdin.nl\/es\/","title":{"rendered":"Curdin Procuring"},"content":{"rendered":"<p><section data-parallax-background-speed=\"5\"  class=\"fw-main-row-custom fw-main-row-top fw-section-no-padding  fw_theme_bg_fw-custom fw-section-image auto  parallax-section fw-section-position-back tf-sh-530a81b1b9efab378eb4e4ccc2601c7e\"  style=\" background-image:url(https:\/\/curdin.nl\/wp-content\/uploads\/2019\/03\/bridge-cargo-coast-70419-bw.jpg); background-repeat: no-repeat; background-position: left top; background-size: cover;\"  >\n\t\t\t<div class=\"fw-container-fluid\" >\n\t\t<div class=\"fw-row\">\n\t<div id=\"column-69f602ca70400\" class=\"fw-col-sm-12 tf-sh-d1252bc90c701a532527a2bde4ae8430\" >\n\t<div class=\"fw-wrap-col-inner clearfix\"   >\n\t\t\t\t<div class=\"fw-col-inner\">\n\t\t\t<div class=\"fw-divider-space  fw-custom-space  clearfix\" style=\"height:100px;\" ><\/div>\t\t<\/div>\n\t<\/div>\n<\/div><\/div>\n\n<div class=\"fw-row\">\n\t<div id=\"column-69f602ca70e93\" class=\"fw-col-sm-4 tf-sh-2ade162d8e9ff3d8c1ff01458fc50e56\" >\n\t<div class=\"fw-wrap-col-inner clearfix\"   >\n\t\t\t\t<div class=\"fw-col-inner\">\n\t\t\t\t\t<\/div>\n\t<\/div>\n<\/div><div id=\"column-69f602ca71196\" class=\"fw-col-sm-6 tf-sh-cd6d533ca44a5a189f3dbadb14a4d76d\" >\n\t<div class=\"fw-wrap-col-inner clearfix\"   >\n\t\t\t\t<div class=\"fw-col-inner\">\n\t\t\t<div class=\"fw-heading fw-heading-left  tf-sh-5a7e0548b19724c015c58938e6a7eef7\" >\n\t\t\t<h2 class=\"fw-special-title\">\u00a1Cambiar r\u00e1pidamente y <br>comprar cuidadosamente para usted!<\/h2>\n\t\n\t\n\t<\/div><div class=\"fw-text-box tf-sh-23fc0cd2be79123c450742e374fe02b7\" >\n\t<div class=\"fw-text-inner\">\n\t\t<p>\u00bfEst\u00e1 buscando un socio de compra confiable y con una buena reputaci\u00f3n? Nuestro equipo dedicado tiene un amplio conocimiento de los productos t\u00e9cnicos, componentes y servicios.<br \/>\u00a1Su despacho es el nuestro!<\/p>\n\t<\/div>\n<\/div><div class=\"fw-text-box tf-sh-7569f8edd304188103974c151d9dead0\" >\n\t<div class=\"fw-text-inner\">\n\t\t<p>&nbsp;<\/p>\n<p><div class=\"text-left\">\t<a href=\"https:\/\/curdin.nl\/es\/offerte\/\" target=\"_self\" class=\"fw-btn tf-sh-310db7b779fb74b11f026e8d24edaefb  fw-btn-md   fw-btn-1\"  style=\"\">\n\t\t<span >\n\t\t\tSOLICITAR UNA OFFERTA*\t\t<\/span>\n\t<\/a>\n<\/div><\/p>\n<div class=\"services\"><a style=\"color: #ffffff;\" href=\"https:\/\/curdin.nl\/es\/services\/\">Ver nuestros servicios.<\/a><\/div>\n\t<\/div>\n<\/div>\t<div  class=\"fw-divider tf-sh-e34bc4e903ec5cac61543bb9b592ba2d  fw-divider-align-center fw-divider-full-width fw-divider-space clearfix space-sm  fw_theme_border_only_fw-custom\"  style=\"width: auto;  \" ><\/div>\n<div class=\"fw-text-box tf-sh-c977ebc433546b588c7cd0f867080a59\" >\n\t<div class=\"fw-text-inner\">\n\t\t<p>* \u00a1Nuestro objetivo es ofrecerle una oferta adecuada dentro de 3 d\u00edas h\u00e1biles!<\/p>\n\t<\/div>\n<\/div>\t\t<\/div>\n\t<\/div>\n<\/div><div id=\"column-69f602ca72932\" class=\"fw-col-sm-2 tf-sh-bf011c3980577f71a30582e7e5cc99f9\" >\n\t<div class=\"fw-wrap-col-inner clearfix\"   >\n\t\t\t\t<div class=\"fw-col-inner\">\n\t\t\t\t\t<\/div>\n\t<\/div>\n<\/div><\/div>\n\n<div class=\"fw-row\">\n\t<div id=\"column-69f602ca73028\" class=\"fw-col-sm-12 tf-sh-d1252bc90c701a532527a2bde4ae8430\" >\n\t<div class=\"fw-wrap-col-inner clearfix\"   >\n\t\t\t\t<div class=\"fw-col-inner\">\n\t\t\t<div class=\"fw-divider-space  fw-custom-space  clearfix\" style=\"height:46px;\" ><\/div>\t\t<\/div>\n\t<\/div>\n<\/div><\/div>\n\n\t<\/div>\n\t<\/section><section   class=\"fw-main-row-custom fw-section-no-padding  auto  fw-section-position-back tf-sh-d0d3bd0d59cf909f5da5e65499b808c1\"    >\n\t\t\t<div class=\"fw-container\" >\n\t\t<div class=\"fw-row\">\n\t<div id=\"column-69f602ca73ed7\" class=\"fw-col-sm-12 tf-sh-d1252bc90c701a532527a2bde4ae8430\" >\n\t<div class=\"fw-wrap-col-inner clearfix\"   >\n\t\t\t\t<div class=\"fw-col-inner\">\n\t\t\t<div class=\"fw-divider-space  fw-custom-space  clearfix\" style=\"height:60px;\" ><\/div>\t\t<\/div>\n\t<\/div>\n<\/div><\/div>\n\n<div class=\"fw-row\">\n\t<div id=\"column-69f602ca74923\" class=\"fw-col-sm-12 tf-sh-e373846968b5b47161479ae8bbc2f0aa\" >\n\t<div class=\"fw-wrap-col-inner clearfix\"   >\n\t\t\t\t<div class=\"fw-col-inner\">\n\t\t\t<div class=\"fw-heading fw-heading-center  tf-sh-6ace8effb298849e5bea4fcb4e99740b\" >\n\t\t\t<h3 class=\"fw-special-title\">\u00bfPor qu\u00e9 elegir Curdin?<\/h3>\n\t\n\t\n\t<\/div><div class=\"fw-divider-space space-sm  clearfix\"  ><\/div>\t\t<\/div>\n\t<\/div>\n<\/div><\/div>\n\n<div class=\"fw-row\">\n\t<div id=\"column-69f602ca75736\" class=\"fw-col-sm-3 tf-sh-a0aead34d8d27abbaf8daa61b0f677b3\" >\n\t<div class=\"fw-wrap-col-inner clearfix\"   >\n\t\t\t\t<div class=\"fw-col-inner\">\n\t\t\t<div class=\"fw-iconbox clearfix tf-sh-93a4fe288de94a4de94e4a8db1dea859 fw-iconbox-1  fw-iconbox-image-type\" >\n\t<div class=\"fw-iconbox-image\" style=\"\">\n\t\t\t\t\t\t\t\t\t<img decoding=\"async\" src=\"\/\/curdin.nl\/wp-content\/uploads\/2019\/03\/1.jpg\" alt=\"\" \/>\n\t\t\t\t\t\t<\/div>\n\n\t<div class=\"fw-iconbox-aside\">\n\t\t\t\t\t<div class=\"fw-iconbox-title\">\n\t\t\t\t<h4>RAPIDEZ<\/h4>\n\t\t\t<\/div>\n\t\t\n\t\t\t\t\t<div class=\"fw-iconbox-text\">\n\t\t\t\t<p>Para el 90% de las solicitudes, enviamos una oferta adecuada dentro de los 3 d\u00edas h\u00e1biles.<\/p>\t\t\t<\/div>\n\t\t\n\t\t\t<\/div>\n<\/div>\t\t<\/div>\n\t<\/div>\n<\/div><div id=\"column-69f602ca75e91\" class=\"fw-col-sm-3 tf-sh-81dc8b32407788056dc920f32ee2c329\" >\n\t<div class=\"fw-wrap-col-inner clearfix\"   >\n\t\t\t\t<div class=\"fw-col-inner\">\n\t\t\t<div class=\"fw-iconbox clearfix tf-sh-d890fdbf5d21ddc05a0ffc2b6ac0983e fw-iconbox-1  fw-iconbox-image-type\" >\n\t<div class=\"fw-iconbox-image\" style=\"\">\n\t\t\t\t\t\t\t\t\t<img decoding=\"async\" src=\"\/\/curdin.nl\/wp-content\/uploads\/2019\/03\/2.jpg\" alt=\"\" \/>\n\t\t\t\t\t\t<\/div>\n\n\t<div class=\"fw-iconbox-aside\">\n\t\t\t\t\t<div class=\"fw-iconbox-title\">\n\t\t\t\t<h4>CALIDAD<\/h4>\n\t\t\t<\/div>\n\t\t\n\t\t\t\t\t<div class=\"fw-iconbox-text\">\n\t\t\t\t<p>Comprobaci\u00f3n doble est\u00e1ndar de las mercanc\u00edas en nuestro centro log\u00edstico.<\/p>\t\t\t<\/div>\n\t\t\n\t\t\t<\/div>\n<\/div>\t\t<\/div>\n\t<\/div>\n<\/div><div id=\"column-69f602ca76579\" class=\"fw-col-sm-3 tf-sh-5324912fab2a91a15617acaf656c8a2e\" >\n\t<div class=\"fw-wrap-col-inner clearfix\"   >\n\t\t\t\t<div class=\"fw-col-inner\">\n\t\t\t<div class=\"fw-iconbox clearfix tf-sh-dd8b75455b4895bc5346373e24f6dbb4 fw-iconbox-1  fw-iconbox-image-type\" >\n\t<div class=\"fw-iconbox-image\" style=\"\">\n\t\t\t\t\t\t\t\t\t<img decoding=\"async\" src=\"\/\/curdin.nl\/wp-content\/uploads\/2019\/03\/3.jpg\" alt=\"\" \/>\n\t\t\t\t\t\t<\/div>\n\n\t<div class=\"fw-iconbox-aside\">\n\t\t\t\t\t<div class=\"fw-iconbox-title\">\n\t\t\t\t<h4>GRAN RED<\/h4>\n\t\t\t<\/div>\n\t\t\n\t\t\t\t\t<div class=\"fw-iconbox-text\">\n\t\t\t\t<p>Tenemos una gran red de proveedores en Europa y Asia.<\/p>\t\t\t<\/div>\n\t\t\n\t\t\t<\/div>\n<\/div>\t\t<\/div>\n\t<\/div>\n<\/div><div id=\"column-69f602ca76c6f\" class=\"fw-col-sm-3 tf-sh-1bb60e6c13951be868cfa09a1f9c4bee\" >\n\t<div class=\"fw-wrap-col-inner clearfix\"   >\n\t\t\t\t<div class=\"fw-col-inner\">\n\t\t\t<div class=\"fw-iconbox clearfix tf-sh-69d7da1a98b171ab08b378b4d758eb2d fw-iconbox-1  fw-iconbox-image-type\" >\n\t<div class=\"fw-iconbox-image\" style=\"\">\n\t\t\t\t\t\t\t\t\t<img decoding=\"async\" src=\"\/\/curdin.nl\/wp-content\/uploads\/2019\/03\/4.jpg\" alt=\"\" \/>\n\t\t\t\t\t\t<\/div>\n\n\t<div class=\"fw-iconbox-aside\">\n\t\t\t\t\t<div class=\"fw-iconbox-title\">\n\t\t\t\t<h4>CONOCIMIENTO<\/h4>\n\t\t\t<\/div>\n\t\t\n\t\t\t\t\t<div class=\"fw-iconbox-text\">\n\t\t\t\t<p>Excelente conocimiento de los productos mar\u00edtimos, petroqu\u00edmicos y t\u00e9cnicos.<\/p>\t\t\t<\/div>\n\t\t\n\t\t\t<\/div>\n<\/div>\t\t<\/div>\n\t<\/div>\n<\/div><\/div>\n\n<div class=\"fw-row\">\n\t<div id=\"column-69f602ca77715\" class=\"fw-col-sm-12 tf-sh-2cc74b48982a576ba47450ed00951996\" >\n\t<div class=\"fw-wrap-col-inner clearfix\"   >\n\t\t\t\t<div class=\"fw-col-inner\">\n\t\t\t<div class=\"fw-text-box tf-sh-3d9d6f29e96b4f19977b146b4671a421\" >\n\t<div class=\"fw-text-inner\">\n\t\t<p>&nbsp;<\/p>\n<p><div class=\"text-center\">\t<a href=\"https:\/\/curdin.nl\/es\/offerte\/\" target=\"_self\" class=\"fw-btn tf-sh-310db7b779fb74b11f026e8d24edaefb  fw-btn-md   fw-btn-1\"  style=\"\">\n\t\t<span >\n\t\t\tSOLICITAR UNA OFFERTA\t\t<\/span>\n\t<\/a>\n<\/div><\/p>\n\t<\/div>\n<\/div>\t\t<\/div>\n\t<\/div>\n<\/div><\/div>\n\n<div class=\"fw-row\">\n\t<div id=\"column-69f602ca7856a\" class=\"fw-col-sm-12 tf-sh-d1252bc90c701a532527a2bde4ae8430\" >\n\t<div class=\"fw-wrap-col-inner clearfix\"   >\n\t\t\t\t<div class=\"fw-col-inner\">\n\t\t\t<div class=\"fw-divider-space  fw-custom-space  fw-tablet-hide-element fw-mobile-hide-element clearfix\" style=\"height:80px;\" ><\/div>\t\t<\/div>\n\t<\/div>\n<\/div><\/div>\n\n\t<\/div>\n\t<\/section><section   class=\"fw-main-row-custom fw-section-no-padding  auto fw-content-vertical-align-middle fw-section-position-back tf-sh-fa188ae02030cb3b4dc24b83bfc1f240 maprow\"    >\n\t\t\t<div class=\"fw-container\" >\n\t\t<div class=\"fw-row\">\n\t<div id=\"column-69f602ca79340\" class=\"fw-col-sm-12 tf-sh-48f9cde437f0df02501fb46545c7b011\" >\n\t<div class=\"fw-wrap-col-inner clearfix\"   >\n\t\t\t\t<div class=\"fw-col-inner\">\n\t\t\t<div class=\"fw-text-box tf-sh-c7cc8fb16b60943416478fd6293da792\" >\n\t<div class=\"fw-text-inner\">\n\t\t<p class=\"layerContent\" tabindex=\"1\">Clientes satisfechos con nosotros:<\/p>\n<p tabindex=\"1\">\n\t<\/div>\n<\/div>\t\t<\/div>\n\t<\/div>\n<\/div><\/div>\n\n<div class=\"fw-row\">\n\t<div id=\"column-69f602ca79d73\" class=\"fw-col-sm-1-5 tf-sh-7399040115c8c5b7a10749ad559cd40e\" >\n\t<div class=\"fw-wrap-col-inner clearfix\"   >\n\t\t\t\t<div class=\"fw-col-inner\">\n\t\t\t<div class=\"fw-text-box tf-sh-9add57be45af22e6de64a30c3cad9cf6\" >\n\t<div class=\"fw-text-inner\">\n\t\t<p><span class=\"helper\"><\/span><img loading=\"lazy\" decoding=\"async\" class=\"aligncenter wp-image-95 size-full\" src=\"https:\/\/curdin.nl\/wp-content\/uploads\/2019\/03\/damen.png\" alt=\"\" width=\"160\" height=\"31\" \/><\/p>\n\t<\/div>\n<\/div>\t\t<\/div>\n\t<\/div>\n<\/div><div id=\"column-69f602ca7a405\" class=\"fw-col-sm-1-5 tf-sh-72b1ba30bbe117a1c277910f6d2e3409\" >\n\t<div class=\"fw-wrap-col-inner clearfix\"   >\n\t\t\t\t<div class=\"fw-col-inner\">\n\t\t\t<div class=\"fw-text-box tf-sh-a039620f89f18c47914f123f3a513514\" >\n\t<div class=\"fw-text-inner\">\n\t\t<p><img loading=\"lazy\" decoding=\"async\" class=\"aligncenter wp-image-100 size-full\" src=\"https:\/\/curdin.nl\/wp-content\/uploads\/2020\/07\/nieuwlogo.jpg\" alt=\"\" width=\"98\" height=\"80\" \/><\/p>\n\t<\/div>\n<\/div>\t\t<\/div>\n\t<\/div>\n<\/div><div id=\"column-69f602ca7ac4e\" class=\"fw-col-sm-1-5 tf-sh-704215ae65d5f03aeabb3d9ad4bfb838\" >\n\t<div class=\"fw-wrap-col-inner clearfix\"   >\n\t\t\t\t<div class=\"fw-col-inner\">\n\t\t\t<div class=\"fw-text-box tf-sh-40694e555f5d1358a282fb447b21bda7\" >\n\t<div class=\"fw-text-inner\">\n\t\t<p><span class=\"helper\"><\/span><img loading=\"lazy\" decoding=\"async\" class=\"size-full wp-image-102 aligncenter\" src=\"https:\/\/curdin.nl\/wp-content\/uploads\/2019\/03\/curoil.png\" alt=\"\" width=\"161\" height=\"38\" \/><\/p>\n\t<\/div>\n<\/div>\t\t<\/div>\n\t<\/div>\n<\/div><div id=\"column-69f602ca7b2e3\" class=\"fw-col-sm-1-5 tf-sh-e0c174d6159e7fb2954e9ec13fbe6110\" >\n\t<div class=\"fw-wrap-col-inner clearfix\"   >\n\t\t\t\t<div class=\"fw-col-inner\">\n\t\t\t<div class=\"fw-text-box tf-sh-f96d2e17a2a3839afd9d134653e75c77\" >\n\t<div class=\"fw-text-inner\">\n\t\t<p><img loading=\"lazy\" decoding=\"async\" class=\"size-full wp-image-104 aligncenter\" src=\"https:\/\/curdin.nl\/wp-content\/uploads\/2019\/03\/aqualectra.png\" alt=\"\" width=\"160\" height=\"67\" \/><\/p>\n\t<\/div>\n<\/div>\t\t<\/div>\n\t<\/div>\n<\/div><div id=\"column-69f602ca7b946\" class=\"fw-col-sm-1-5 tf-sh-184384b5c0eb7cff48dffd942a4a4fda\" >\n\t<div class=\"fw-wrap-col-inner clearfix\"   >\n\t\t\t\t<div class=\"fw-col-inner\">\n\t\t\t<div class=\"fw-text-box tf-sh-40ed8347863f4e091b255f238f869337\" >\n\t<div class=\"fw-text-inner\">\n\t\t<p><span class=\"helper\"><\/span><br \/><img loading=\"lazy\" decoding=\"async\" class=\"size-full wp-image-106 aligncenter\" src=\"https:\/\/curdin.nl\/wp-content\/uploads\/2019\/03\/staatsolie.png\" alt=\"\" width=\"160\" height=\"45\" \/><\/p>\n\t<\/div>\n<\/div>\t\t<\/div>\n\t<\/div>\n<\/div><\/div>\n\n<div class=\"fw-row\">\n\t<div id=\"column-69f602ca7c35d\" class=\"fw-col-sm-12 tf-sh-d1252bc90c701a532527a2bde4ae8430\" >\n\t<div class=\"fw-wrap-col-inner clearfix\"   >\n\t\t\t\t<div class=\"fw-col-inner\">\n\t\t\t<div class=\"fw-divider-space  fw-custom-space  fw-tablet-hide-element fw-mobile-hide-element clearfix\" style=\"height:60px;\" ><\/div>\t\t<\/div>\n\t<\/div>\n<\/div><\/div>\n\n\t<\/div>\n\t<\/section><section   class=\"fw-main-row-custom  fw_theme_bg_fw-custom fw-section-image auto  fw-section-position-back tf-sh-bab9200dbf06e6f50082dc32e01fdf33\"  style=\" background-image:url(https:\/\/curdin.nl\/wp-content\/uploads\/2019\/03\/illustration-curdin-s-traffic-1.png); background-repeat: no-repeat; background-position: center center; background-size: contain;\"  >\n\t\t\t<div class=\"fw-container\" >\n\t\t<div class=\"fw-row\">\n\t<div id=\"column-69f602ca7d116\" class=\"fw-col-sm-12 tf-sh-d1252bc90c701a532527a2bde4ae8430\" >\n\t<div class=\"fw-wrap-col-inner clearfix\"   >\n\t\t\t\t<div class=\"fw-col-inner\">\n\t\t\t<div class=\"fw-divider-space space-md  fw-tablet-hide-element fw-mobile-hide-element clearfix\"  ><\/div>\t\t<\/div>\n\t<\/div>\n<\/div><\/div>\n\n<div class=\"fw-row\">\n\t<div id=\"column-69f602ca7dad9\" class=\"fw-col-sm-4 tf-sh-d655bab48915dfdf54e2d466ec27b780\" >\n\t<div class=\"fw-wrap-col-inner clearfix\"   >\n\t\t\t\t<div class=\"fw-col-inner\">\n\t\t\t<div class=\"fw-text-box tf-sh-a164df7d3014019277d05611b5ae4a18\" >\n\t<div class=\"fw-text-inner\">\n\t\t<h2 class=\"layerContent\" tabindex=\"1\">Curdin mapeado<\/h2>\n<p>Nuestro equipo dedicado, con sede en los Pa\u00edses Bajos, accepta compras en Europa y Asia, y realiza env\u00edos a la Am\u00e9rica Latina y el Caribe.<\/p>\n\t<\/div>\n<\/div>\t\t<\/div>\n\t<\/div>\n<\/div><div id=\"column-69f602ca7e196\" class=\"fw-col-sm-4 tf-sh-e0962a7b2167c3a927458b473387e7a0\" >\n\t<div class=\"fw-wrap-col-inner clearfix\"   >\n\t\t\t\t<div class=\"fw-col-inner\">\n\t\t\t\t\t<\/div>\n\t<\/div>\n<\/div><div id=\"column-69f602ca7e4a5\" class=\"fw-col-sm-4 tf-sh-efc7515b9c1fff871b5fde3f46d60445\" >\n\t<div class=\"fw-wrap-col-inner clearfix\"   >\n\t\t\t\t<div class=\"fw-col-inner\">\n\t\t\t\t\t<\/div>\n\t<\/div>\n<\/div><\/div>\n\n<div class=\"fw-row\">\n\t<div id=\"column-69f602ca7ebbe\" class=\"fw-col-sm-12 tf-sh-d1252bc90c701a532527a2bde4ae8430\" >\n\t<div class=\"fw-wrap-col-inner clearfix\"   >\n\t\t\t\t<div class=\"fw-col-inner\">\n\t\t\t<div class=\"fw-divider-space space-md  fw-tablet-hide-element fw-mobile-hide-element clearfix\"  ><\/div>\t\t<\/div>\n\t<\/div>\n<\/div><\/div>\n\n\t<\/div>\n\t<\/section><section   class=\"fw-main-row-custom fw-section-no-padding  auto  fw-section-position-back tf-sh-1a056cb1c26ece05c3093944e0e8846b\"    >\n\t\t\t<div class=\"fw-container\" >\n\t\t<div class=\"fw-row\">\n\t<div id=\"column-69f602ca7f95b\" class=\"fw-col-sm-12 tf-sh-d1252bc90c701a532527a2bde4ae8430\" >\n\t<div class=\"fw-wrap-col-inner clearfix\"   >\n\t\t\t\t<div class=\"fw-col-inner\">\n\t\t\t<div class=\"fw-divider-space  fw-custom-space  fw-tablet-hide-element fw-mobile-hide-element clearfix\" style=\"height:95px;\" ><\/div>\t\t<\/div>\n\t<\/div>\n<\/div><\/div>\n\n\t<\/div>\n\t<\/section><section   class=\"fw-main-row-custom fw-section-no-padding  auto  fw-section-position-back tf-sh-26b61b05d36cb293e00752b4bc091df5 maprow\"    >\n\t\t\t<div class=\"fw-container\" >\n\t\t<div class=\"fw-row\">\n\t<div id=\"column-69f602ca807a7\" class=\"fw-col-sm-6 tf-sh-5193773596daeafbb8057f4bd6791400 offer\" >\n\t<div class=\"fw-wrap-col-inner clearfix\"   >\n\t\t\t\t<div class=\"fw-col-inner\">\n\t\t\t\t\t<\/div>\n\t<\/div>\n<\/div><div id=\"column-69f602ca80abb\" class=\"fw-col-sm-6 tf-sh-1b452ec57e32877cfad6979716892b31 offer2\" >\n\t<div class=\"fw-wrap-col-inner clearfix\"   >\n\t\t\t\t<div class=\"fw-col-inner\">\n\t\t\t<div class=\"fw-text-box tf-sh-f17297a0e0d76f8bf1bab0a605349988\" >\n\t<div class=\"fw-text-inner\">\n\t\t<h2 style=\"color: #1d1d1d;line-height:48px\">\u00bfTiene curiosidad por lo que podemos ofrecerle?<\/h2>\n\t<\/div>\n<\/div><div class=\"fw-text-box tf-sh-f73dd324fa235e446287bb41baa573a2\" >\n\t<div class=\"fw-text-inner\">\n\t\t<p class=\"layerContent\" tabindex=\"1\">\u00a1Env\u00ede su solicitud hoy y reciba una oferta adecuada dentro de 3 d\u00edas h\u00e1biles!<\/p>\n\t<\/div>\n<\/div><div class=\"fw-text-box tf-sh-caf00cfe05b460dbe63b9f8ac26e336d\" >\n\t<div class=\"fw-text-inner\">\n\t\t<p>&nbsp;<\/p>\n<p><div class=\"text-left\">\t<a href=\"https:\/\/curdin.nl\/es\/offerte\/\" target=\"_self\" class=\"fw-btn tf-sh-310db7b779fb74b11f026e8d24edaefb  fw-btn-md   fw-btn-1\"  style=\"\">\n\t\t<span >\n\t\t\tSOLICITAR UNA OFFERTA*\t\t<\/span>\n\t<\/a>\n<\/div><\/p>\n\t<\/div>\n<\/div><div class=\"fw-divider-space space-sm  clearfix\"  ><\/div>\t\t<\/div>\n\t<\/div>\n<\/div><\/div>\n\n\t<\/div>\n\t<\/section><\/p>","protected":false},"excerpt":{"rendered":"<p>Snel schakelen en zorgvuldig inkopen voor u! Bent u op zoek naar een betrouwbare inkooppartner met een goede reputatie? Ons toegewijde team heeft uitgebreide kennis van technische producten, onderdelen en diensten.Uw expeditie is de onze! &nbsp; VRAAG OFFERTE AAN* Bekijk onze diensten *Ons doel is om u binnen 3 werkdagen een passende offerte te bieden! [&hellip;]<\/p>","protected":false},"author":1,"featured_media":0,"parent":0,"menu_order":0,"comment_status":"closed","ping_status":"closed","template":"visual-builder-template.php","meta":{"footnotes":""},"_links":{"self":[{"href":"https:\/\/curdin.nl\/es\/wp-json\/wp\/v2\/pages\/2"}],"collection":[{"href":"https:\/\/curdin.nl\/es\/wp-json\/wp\/v2\/pages"}],"about":[{"href":"https:\/\/curdin.nl\/es\/wp-json\/wp\/v2\/types\/page"}],"author":[{"embeddable":true,"href":"https:\/\/curdin.nl\/es\/wp-json\/wp\/v2\/users\/1"}],"replies":[{"embeddable":true,"href":"https:\/\/curdin.nl\/es\/wp-json\/wp\/v2\/comments?post=2"}],"version-history":[{"count":149,"href":"https:\/\/curdin.nl\/es\/wp-json\/wp\/v2\/pages\/2\/revisions"}],"predecessor-version":[{"id":839,"href":"https:\/\/curdin.nl\/es\/wp-json\/wp\/v2\/pages\/2\/revisions\/839"}],"wp:attachment":[{"href":"https:\/\/curdin.nl\/es\/wp-json\/wp\/v2\/media?parent=2"}],"curies":[{"name":"wp","href":"https:\/\/api.w.org\/{rel}","templated":true}]}}