{"id":28,"date":"2019-03-12T14:10:17","date_gmt":"2019-03-12T14:10:17","guid":{"rendered":"http:\/\/curdin.nl\/?page_id=28"},"modified":"2025-11-20T12:01:51","modified_gmt":"2025-11-20T12:01:51","slug":"contact","status":"publish","type":"page","link":"https:\/\/curdin.nl\/es\/contact\/","title":{"rendered":"Contacto"},"content":{"rendered":"<p><section   class=\"fw-main-row-custom fw-main-row-top  fw_theme_bg_fw-custom fw-section-image auto  fw-section-position-back tf-sh-03d4490c66f110e86118d789c294d03d\"  style=\" background-image:url(https:\/\/curdin.nl\/wp-content\/uploads\/2019\/03\/bridge-cargo-coast-70419-bw-1.jpg); background-repeat: no-repeat; background-position: left top; background-size: cover;\"  >\n\t\t\t<div class=\"fw-container\" >\n\t\t<div class=\"fw-row\">\n\t<div id=\"column-69fb4dfbb6d32\" class=\"fw-col-sm-1-5 tf-sh-90e96c712865aa38ac6b5e9299833a5d\" >\n\t<div class=\"fw-wrap-col-inner clearfix\"   >\n\t\t\t\t<div class=\"fw-col-inner\">\n\t\t\t\t\t<\/div>\n\t<\/div>\n<\/div><div id=\"column-69fb4dfbb7023\" class=\"fw-col-sm-1-5 tf-sh-4444172f8133b034bee5c944049d17a1\" >\n\t<div class=\"fw-wrap-col-inner clearfix\"   >\n\t\t\t\t<div class=\"fw-col-inner\">\n\t\t\t\t\t<\/div>\n\t<\/div>\n<\/div><div id=\"column-69fb4dfbb72e7\" class=\"fw-col-sm-6 tf-sh-b01619bddaeec646f9ff5fda1f8964c0\" >\n\t<div class=\"fw-wrap-col-inner clearfix\"   >\n\t\t\t\t<div class=\"fw-col-inner\">\n\t\t\t<div class=\"fw-heading fw-heading-left  tf-sh-a3b3f613026306dc2d3b7835de6de100\" >\n\t\t\t<h2 class=\"fw-special-title\">\u00a1Conectemos!<\/h2>\n\t\n\t\n\t<\/div><div class=\"fw-text-box tf-sh-18d224ad83c1bfb6c90d9b68d4aa6de2\" >\n\t<div class=\"fw-text-inner\">\n\t\t<p>Cada contacto es valioso para nosotros. <\/p>\n<p>\u00a1Cont\u00e1ctenos o rellene el formulario de contacto a continuaci\u00f3n y nos pondremos en contacto con usted cuanto antes!<\/p>\n\t<\/div>\n<\/div>\t\t<\/div>\n\t<\/div>\n<\/div><\/div>\n\n\t<\/div>\n\t<\/section><section   class=\"fw-main-row-custom  auto  fw-section-position-back tf-sh-1403fa5506ca274de773e4712fa3e943\"    >\n\t\t\t<div class=\"fw-container\" >\n\t\t<div class=\"fw-row\">\n\t<div id=\"column-69fb4dfbb85df\" class=\"fw-col-sm-6 tf-sh-7dcf42ec5fef56155620ad1a456f226b\" >\n\t<div class=\"fw-wrap-col-inner clearfix\"   >\n\t\t\t\t<div class=\"fw-col-inner\">\n\t\t\t<div class=\"fw-heading fw-heading-left  tf-sh-2f6a77dab41fc976e5ab510b54d24f01\" >\n\t\t\t<h2 class=\"fw-special-title\">Formulario de contacto<\/h2>\n\t\n\t\n\t<\/div><div class=\"fw-text-box tf-sh-096ad769930335043be1fef3735958f4\" >\n\t<div class=\"fw-text-inner\">\n\t\t<p>\u00a1Rellene este formulario y nos pondremos en contacto con usted cuanto antes!<br \/>\n<div class=\"wpcf7 no-js\" id=\"wpcf7-f223-o1\" lang=\"nl-NL\" dir=\"ltr\">\n<div class=\"screen-reader-response\"><p role=\"status\" aria-live=\"polite\" aria-atomic=\"true\"><\/p> <ul><\/ul><\/div>\n<form action=\"\/es\/wp-json\/wp\/v2\/pages\/28#wpcf7-f223-o1\" method=\"post\" class=\"wpcf7-form init\" aria-label=\"Formulario de contacto\" novalidate=\"novalidate\" data-status=\"init\" data-trp-original-action=\"\/es\/wp-json\/wp\/v2\/pages\/28#wpcf7-f223-o1\">\n<div style=\"display: none;\">\n<input type=\"hidden\" name=\"_wpcf7\" value=\"223\" \/>\n<input type=\"hidden\" name=\"_wpcf7_version\" value=\"5.9.3\" \/>\n<input type=\"hidden\" name=\"_wpcf7_locale\" value=\"nl_NL\" \/>\n<input type=\"hidden\" name=\"_wpcf7_unit_tag\" value=\"wpcf7-f223-o1\" \/>\n<input type=\"hidden\" name=\"_wpcf7_container_post\" value=\"0\" \/>\n<input type=\"hidden\" name=\"_wpcf7_posted_data_hash\" value=\"\" \/>\n<input type=\"hidden\" name=\"_wpcf7_recaptcha_response\" value=\"\" \/>\n<\/div>\n<p><span class=\"wpcf7-form-control-wrap\" data-name=\"your-company\"><input size=\"40\" class=\"wpcf7-form-control wpcf7-text\" aria-invalid=\"false\" placeholder=\"Nombre de la empresa (opcional)\" value=\"\" type=\"text\" name=\"your-company\" \/><\/span>\n<\/p>\n<p><span class=\"wpcf7-form-control-wrap\" data-name=\"your-name\"><input size=\"40\" class=\"wpcf7-form-control wpcf7-text\" aria-invalid=\"false\" placeholder=\"Nombre\" value=\"\" type=\"text\" name=\"your-name\" \/><\/span>\n<\/p>\n<p><span class=\"wpcf7-form-control-wrap\" data-name=\"your-tel\"><input size=\"40\" class=\"wpcf7-form-control wpcf7-tel wpcf7-text wpcf7-validates-as-tel\" aria-invalid=\"false\" placeholder=\"N\u00famero de tel\u00e9fono\" value=\"\" type=\"tel\" name=\"your-tel\" \/><\/span>\n<\/p>\n<p><span class=\"wpcf7-form-control-wrap\" data-name=\"your-email\"><input size=\"40\" class=\"wpcf7-form-control wpcf7-email wpcf7-validates-as-required wpcf7-text wpcf7-validates-as-email\" aria-required=\"true\" aria-invalid=\"false\" placeholder=\"Direcci\u00f3n de correo electr\u00f3nico\" value=\"\" type=\"email\" name=\"your-email\" \/><\/span>\n<\/p>\n<p><span class=\"wpcf7-form-control-wrap\" data-name=\"your-message\"><textarea cols=\"40\" rows=\"10\" class=\"wpcf7-form-control wpcf7-textarea\" aria-invalid=\"false\" placeholder=\"Ingrese su solicitud aqu\u00ed ...\" name=\"your-message\"><\/textarea><\/span>\n<\/p>\n<p><input class=\"wpcf7-form-control wpcf7-submit has-spinner\" type=\"submit\" value=\"ENVIAR SOLICITUD\" \/>\n<\/p>\n<p>\u00a1Nuestro objetivo es ofrecerle una oferta adecuada dentro de 3 d\u00edas h\u00e1biles!\n<\/p><p style=\"display: none !important;\" class=\"akismet-fields-container\" data-prefix=\"_wpcf7_ak_\"><label>&#916;<textarea name=\"_wpcf7_ak_hp_textarea\" cols=\"45\" rows=\"8\" maxlength=\"100\"><\/textarea><\/label><input type=\"hidden\" id=\"ak_js_1\" name=\"_wpcf7_ak_js\" value=\"128\"\/><script>document.getElementById( \"ak_js_1\" ).setAttribute( \"value\", ( new Date() ).getTime() );<\/script><\/p><div class=\"wpcf7-response-output\" aria-hidden=\"true\"><\/div>\n<input type=\"hidden\" name=\"trp-form-language\" value=\"es\"\/><\/form>\n<\/div>\n<\/p>\n\t<\/div>\n<\/div>\t\t<\/div>\n\t<\/div>\n<\/div><div id=\"column-69fb4dfbc3113\" class=\"fw-col-sm-6 tf-sh-5430b482421b61d214780edf1462a170\" >\n\t<div class=\"fw-wrap-col-inner clearfix\"   >\n\t\t\t\t<div class=\"fw-col-inner\">\n\t\t\t<div class=\"fw-heading fw-heading-left contactheader tf-sh-d918c81082534b354c53fa76f028272b\" >\n\t\t\t<h2 class=\"fw-special-title\"><strong>Curdin<\/strong> Nederland<\/h2>\n\t\n\t\n\t<\/div><div class=\"fw-text-box tf-sh-d7701a175d57e94dfc90620b945f2ec9\" >\n\t<div class=\"fw-text-inner\">\n\t\t<p>Keyserswey 101<br \/>2201 CX Noordwijk<br \/>The Netherlands<\/p>\n<p>+31 (0)181 611 066<br \/><a href=\"mailto:info@curdin.nl\">info@curdin.nl<\/a><\/p>\n<p><strong>Horarios de apertura <\/strong><br \/>De lunes a viernes<br \/>9.00 \u2013 17.00<\/p>\n\t<\/div>\n<\/div><div class=\"fw-divider-space space-sm  clearfix\"  ><\/div><div class=\"fw-text-box tf-sh-ff77de37499d53ed42617cb32569241b\" >\n\t<div class=\"fw-text-inner\">\n\t\t<p><iframe style=\"border: 0; width: 100%;\" src=\"https:\/\/maps.google.it\/maps?q=Keyserswey 101 2201 CX Noordwijk The Netherlands; ?&gt;&amp;output=embed\" height=\"300\" marginwidth=\"0\" marginheight=\"0\" scrolling=\"no\"><\/iframe><\/p>\n\t<\/div>\n<\/div><div class=\"fw-divider-space space-md  clearfix\"  ><\/div><div class=\"fw-heading fw-heading-left contactheader tf-sh-fd44a696e591d388a297af788ece7924\" >\n\t\t\t<h2 class=\"fw-special-title\"><strong>Curdin<\/strong> Colombia<\/h2>\n\t\n\t\n\t<\/div><div class=\"fw-text-box tf-sh-222079b0df54b52c30d094781fb9b770\" >\n\t<div class=\"fw-text-inner\">\n\t\t<p>Calle 90 No. 19-41 oficina 801<br \/>Bogot\u00e1, Colombia<\/p>\n<p>+57 1 744 95 66<br \/><a href=\"mailto:colombia@curdin.nl\">colombia@curdin.nl<\/a><\/p>\n<p><a href=\"https:\/\/curdin.nl\/es\"><i class=\"fa fa-arrow-right\"><\/i> <strong>Visite www.curdin.nl\/es<\/strong><\/a><\/p>\n\t<\/div>\n<\/div><div class=\"fw-divider-space space-sm  clearfix\"  ><\/div><div class=\"fw-text-box tf-sh-04be951521b43810ab9cb1b870be864e\" >\n\t<div class=\"fw-text-inner\">\n\t\t<p><iframe style=\"border: 0; width: 100%;\" src=\"https:\/\/maps.google.it\/maps?q=Calle 90 No. 19-41 oficina 801 Bogot\u00e1, Colombia; ?&gt;&amp;output=embed\" height=\"300\" marginwidth=\"0\" marginheight=\"0\" scrolling=\"no\"><\/iframe><\/p>\n\t<\/div>\n<\/div>\t\t<\/div>\n\t<\/div>\n<\/div><\/div>\n\n\t<\/div>\n\t<\/section><section   class=\"fw-main-row-custom fw-section-no-padding  auto  fw-section-position-back tf-sh-26b61b05d36cb293e00752b4bc091df5 maprow\"    >\n\t\t\t<div class=\"fw-container\" >\n\t\t<div class=\"fw-row\">\n\t<div id=\"column-69fb4dfbc5a16\" class=\"fw-col-sm-6 tf-sh-5193773596daeafbb8057f4bd6791400 offer\" >\n\t<div class=\"fw-wrap-col-inner clearfix\"   >\n\t\t\t\t<div class=\"fw-col-inner\">\n\t\t\t\t\t<\/div>\n\t<\/div>\n<\/div><div id=\"column-69fb4dfbc5cec\" class=\"fw-col-sm-6 tf-sh-1b452ec57e32877cfad6979716892b31 offer2\" >\n\t<div class=\"fw-wrap-col-inner clearfix\"   >\n\t\t\t\t<div class=\"fw-col-inner\">\n\t\t\t<div class=\"fw-text-box tf-sh-f17297a0e0d76f8bf1bab0a605349988\" >\n\t<div class=\"fw-text-inner\">\n\t\t<h2 style=\"color: #1d1d1d;line-height:48px\">\u00bfTiene curiosidad por lo que podemos ofrecerle?<\/h2>\n\t<\/div>\n<\/div><div class=\"fw-text-box tf-sh-f73dd324fa235e446287bb41baa573a2\" >\n\t<div class=\"fw-text-inner\">\n\t\t<p class=\"layerContent\" tabindex=\"1\">\u00a1Env\u00ede su solicitud hoy y reciba una oferta adecuada dentro de 3 d\u00edas h\u00e1biles!<\/p>\n\t<\/div>\n<\/div><div class=\"fw-text-box tf-sh-caf00cfe05b460dbe63b9f8ac26e336d\" >\n\t<div class=\"fw-text-inner\">\n\t\t<p>&nbsp;<\/p>\n<p><div class=\"text-left\">\t<a href=\"https:\/\/curdin.nl\/es\/offerte\/\" target=\"_self\" class=\"fw-btn tf-sh-310db7b779fb74b11f026e8d24edaefb  fw-btn-md   fw-btn-1\"  style=\"\">\n\t\t<span >\n\t\t\tSOLICITAR UNA OFFERTA\t\t<\/span>\n\t<\/a>\n<\/div><\/p>\n\t<\/div>\n<\/div><div class=\"fw-divider-space space-sm  clearfix\"  ><\/div>\t\t<\/div>\n\t<\/div>\n<\/div><\/div>\n\n\t<\/div>\n\t<\/section><\/p>","protected":false},"excerpt":{"rendered":"<p>Let\u2019s connect! Elk contact is voor ons waardevol. Neem contact met ons op of vul onderstaande contactformulier in en wij nemen snel contact op met u! Contactformulier Vul dit formulier in en we nemen snel contact met u op! *Ons doel is om u binnen 3 werkdagen antwoord op uw vraag te bieden! &#916; Curdin [&hellip;]<\/p>","protected":false},"author":1,"featured_media":0,"parent":0,"menu_order":0,"comment_status":"closed","ping_status":"closed","template":"visual-builder-template.php","meta":{"footnotes":""},"_links":{"self":[{"href":"https:\/\/curdin.nl\/es\/wp-json\/wp\/v2\/pages\/28"}],"collection":[{"href":"https:\/\/curdin.nl\/es\/wp-json\/wp\/v2\/pages"}],"about":[{"href":"https:\/\/curdin.nl\/es\/wp-json\/wp\/v2\/types\/page"}],"author":[{"embeddable":true,"href":"https:\/\/curdin.nl\/es\/wp-json\/wp\/v2\/users\/1"}],"replies":[{"embeddable":true,"href":"https:\/\/curdin.nl\/es\/wp-json\/wp\/v2\/comments?post=28"}],"version-history":[{"count":57,"href":"https:\/\/curdin.nl\/es\/wp-json\/wp\/v2\/pages\/28\/revisions"}],"predecessor-version":[{"id":862,"href":"https:\/\/curdin.nl\/es\/wp-json\/wp\/v2\/pages\/28\/revisions\/862"}],"wp:attachment":[{"href":"https:\/\/curdin.nl\/es\/wp-json\/wp\/v2\/media?parent=28"}],"curies":[{"name":"wp","href":"https:\/\/api.w.org\/{rel}","templated":true}]}}